{"id":819,"date":"2022-05-20T17:18:12","date_gmt":"2022-05-20T17:18:12","guid":{"rendered":"https:\/\/petmania.vamtam.com\/?page_id=819"},"modified":"2025-07-04T11:12:58","modified_gmt":"2025-07-04T11:12:58","slug":"iletisim","status":"publish","type":"page","link":"https:\/\/arteriumveteriner.com\/index.php\/iletisim\/","title":{"rendered":"\u0130leti\u015fim"},"content":{"rendered":"\t\t<div data-elementor-type=\"wp-page\" data-elementor-id=\"819\" class=\"elementor elementor-819\" data-elementor-post-type=\"page\">\n\t\t\t\t\t\t<section class=\"elementor-section elementor-top-section elementor-element elementor-element-513719ca elementor-section-boxed elementor-section-height-default elementor-section-height-default\" data-id=\"513719ca\" data-element_type=\"section\">\n\t\t\t\t\t\t<div class=\"elementor-container elementor-column-gap-no\">\n\t\t\t\t\t<div class=\"elementor-column elementor-col-100 elementor-top-column elementor-element elementor-element-3d80f79a\" data-id=\"3d80f79a\" data-element_type=\"column\">\n\t\t\t<div class=\"elementor-widget-wrap elementor-element-populated\">\n\t\t\t\t\t\t<div class=\"elementor-element elementor-element-9365615 elementor-widget__width-auto elementor-view-default elementor-invisible elementor-widget elementor-widget-icon\" data-id=\"9365615\" data-element_type=\"widget\" data-settings=\"{&quot;_animation&quot;:&quot;bounceIn&quot;}\" data-widget_type=\"icon.default\">\n\t\t\t\t<div class=\"elementor-widget-container\">\n\t\t\t\t\t\t\t<div class=\"elementor-icon-wrapper\">\n\t\t\t<div class=\"elementor-icon\">\n\t\t\t<i aria-hidden=\"true\" class=\"vamtamtheme- vamtam-theme-splash-right\"><\/i>\t\t\t<\/div>\n\t\t<\/div>\n\t\t\t\t\t\t<\/div>\n\t\t\t\t<\/div>\n\t\t\t\t\t<\/div>\n\t\t<\/div>\n\t\t\t\t\t<\/div>\n\t\t<\/section>\n\t\t\t\t<section class=\"elementor-section elementor-top-section elementor-element elementor-element-c333675 elementor-section-boxed elementor-section-height-default elementor-section-height-default\" data-id=\"c333675\" data-element_type=\"section\">\n\t\t\t\t\t\t<div class=\"elementor-container elementor-column-gap-no\">\n\t\t\t\t\t<div class=\"elementor-column elementor-col-100 elementor-top-column elementor-element elementor-element-7d82844\" data-id=\"7d82844\" data-element_type=\"column\">\n\t\t\t<div class=\"elementor-widget-wrap elementor-element-populated\">\n\t\t\t\t\t\t<div class=\"elementor-element elementor-element-785482f elementor-widget elementor-widget-text-editor\" data-id=\"785482f\" data-element_type=\"widget\" data-widget_type=\"text-editor.default\">\n\t\t\t\t<div class=\"elementor-widget-container\">\n\t\t\t\t\t\t\t\t\t<p><strong data-start=\"216\" data-end=\"255\">Sizden Haber Almak Bizi Mutlu Eder!<\/strong><br data-start=\"255\" data-end=\"258\" \/>Sorular\u0131n\u0131z\u0131, g\u00f6r\u00fc\u015flerinizi ya da \u00f6nerilerinizi a\u015fa\u011f\u0131daki formu kullanarak bize iletebilirsiniz.<br data-start=\"354\" data-end=\"357\" \/>Dilerseniz bir fincan taze \u00e7ay ve ikramlar\u0131m\u0131z e\u015fli\u011finde y\u00fcz y\u00fcze de g\u00f6r\u00fc\u015febiliriz. Klini\u011fimize her zaman bekleriz! \u2615\ud83c\udf6a<\/p>\t\t\t\t\t\t\t\t<\/div>\n\t\t\t\t<\/div>\n\t\t\t\t\t<\/div>\n\t\t<\/div>\n\t\t\t\t\t<\/div>\n\t\t<\/section>\n\t\t\t\t<section class=\"elementor-section elementor-top-section elementor-element elementor-element-8f540ac elementor-section-boxed elementor-section-height-default elementor-section-height-default\" data-id=\"8f540ac\" data-element_type=\"section\">\n\t\t\t\t\t\t<div class=\"elementor-container elementor-column-gap-no\">\n\t\t\t\t\t<div class=\"elementor-column elementor-col-50 elementor-top-column elementor-element elementor-element-ec6021e\" data-id=\"ec6021e\" data-element_type=\"column\">\n\t\t\t<div class=\"elementor-widget-wrap elementor-element-populated\">\n\t\t\t\t\t\t<div class=\"elementor-element elementor-element-5f8da47 elementor-widget elementor-widget-text-editor\" data-id=\"5f8da47\" data-element_type=\"widget\" data-widget_type=\"text-editor.default\">\n\t\t\t\t<div class=\"elementor-widget-container\">\n\t\t\t\t\t\t\t\t\t<p>Ba\u015fak\u015fehir Mah. Toros Cad. Arterium AVM No:1R<br \/><b>Ba\u015fak\u015fehir\/ \u0130stanbul<\/b><\/p>\t\t\t\t\t\t\t\t<\/div>\n\t\t\t\t<\/div>\n\t\t\t\t\t<\/div>\n\t\t<\/div>\n\t\t\t\t<div class=\"elementor-column elementor-col-50 elementor-top-column elementor-element elementor-element-a396f42\" data-id=\"a396f42\" data-element_type=\"column\">\n\t\t\t<div class=\"elementor-widget-wrap elementor-element-populated\">\n\t\t\t\t\t\t<div class=\"elementor-element elementor-element-f21b0e3 elementor-widget__width-initial elementor-widget elementor-widget-text-editor\" data-id=\"f21b0e3\" data-element_type=\"widget\" data-widget_type=\"text-editor.default\">\n\t\t\t\t<div class=\"elementor-widget-container\">\n\t\t\t\t\t\t\t\t\t<p><strong>Telefon:<\/strong> <a href=\"http:\/\/+90 533 556 54 23\" data-wplink-url-error=\"true\">+90 533 556 54 23<\/a> <br \/><strong>Email:<\/strong> <a href=\"arteriumveteriner@gmail.com\">arteriumveteriner@gmail.com<\/a><\/p>\t\t\t\t\t\t\t\t<\/div>\n\t\t\t\t<\/div>\n\t\t\t\t\t<\/div>\n\t\t<\/div>\n\t\t\t\t\t<\/div>\n\t\t<\/section>\n\t\t\t\t<section class=\"elementor-section elementor-top-section elementor-element elementor-element-419c9f5e elementor-section-content-middle elementor-section-boxed elementor-section-height-default elementor-section-height-default\" data-id=\"419c9f5e\" data-element_type=\"section\">\n\t\t\t\t\t\t<div class=\"elementor-container elementor-column-gap-no\">\n\t\t\t\t\t<div class=\"elementor-column elementor-col-50 elementor-top-column elementor-element elementor-element-44bc81d2\" data-id=\"44bc81d2\" data-element_type=\"column\" data-settings=\"{&quot;background_background&quot;:&quot;classic&quot;}\">\n\t\t\t<div class=\"elementor-widget-wrap elementor-element-populated\">\n\t\t\t\t\t\t<div class=\"elementor-element elementor-element-b93dbf0 elementor-widget elementor-widget-heading\" data-id=\"b93dbf0\" data-element_type=\"widget\" data-widget_type=\"heading.default\">\n\t\t\t\t<div class=\"elementor-widget-container\">\n\t\t\t\t\t<h2 class=\"elementor-heading-title elementor-size-default\"><h2 data-elementor-setting-key=\"title\" data-pen-placeholder=\"Buraya Yaz\u0131n...\" style=\"font: 600 25px \/ 30px Agbalumo, sans-serif;letter-spacing: normal;text-transform: none;text-decoration: none\">Bir Sorunuz ya da G\u00f6r\u00fc\u015f\u00fcn\u00fcz m\u00fc Var?<span style=\", sans-serif;font-size: 42px;font-style: normal;font-weight: 700;letter-spacing: normal;text-transform: none;white-space: pre-wrap;float: none\"><\/span><\/h2><\/h2>\t\t\t\t<\/div>\n\t\t\t\t<\/div>\n\t\t\t\t<div class=\"elementor-element elementor-element-8676db2 elementor-widget__width-initial elementor-widget elementor-widget-heading\" data-id=\"8676db2\" data-element_type=\"widget\" data-widget_type=\"heading.default\">\n\t\t\t\t<div class=\"elementor-widget-container\">\n\t\t\t\t\t<h2 class=\"elementor-heading-title elementor-size-default\"><br>Formu kullanarak bize kolayca mesaj g\u00f6nderebilirsiniz. Size en k\u0131sa s\u00fcrede d\u00f6n\u00fc\u015f yapaca\u011f\u0131z.\n\n<\/h2>\t\t\t\t<\/div>\n\t\t\t\t<\/div>\n\t\t\t\t<div class=\"elementor-element elementor-element-ab3c871 elementor-widget__width-inherit e-transform elementor-view-default elementor-widget elementor-widget-icon\" data-id=\"ab3c871\" data-element_type=\"widget\" data-settings=\"{&quot;_transform_flipX_effect&quot;:&quot;transform&quot;}\" data-widget_type=\"icon.default\">\n\t\t\t\t<div class=\"elementor-widget-container\">\n\t\t\t\t\t\t\t<div class=\"elementor-icon-wrapper\">\n\t\t\t<div class=\"elementor-icon\">\n\t\t\t<i aria-hidden=\"true\" class=\"vamtamtheme- vamtam-theme-arrow3\"><\/i>\t\t\t<\/div>\n\t\t<\/div>\n\t\t\t\t\t\t<\/div>\n\t\t\t\t<\/div>\n\t\t\t\t\t<\/div>\n\t\t<\/div>\n\t\t\t\t<div class=\"elementor-column elementor-col-50 elementor-top-column elementor-element elementor-element-a021fb3\" data-id=\"a021fb3\" data-element_type=\"column\" data-settings=\"{&quot;background_background&quot;:&quot;classic&quot;}\">\n\t\t\t<div class=\"elementor-widget-wrap elementor-element-populated\">\n\t\t\t\t\t\t<div class=\"vamtam-has-theme-widget-styles elementor-element elementor-element-25c65cc elementor-widget__width-initial elementor-widget-mobile__width-inherit elementor-button-align-stretch elementor-widget elementor-widget-form\" data-id=\"25c65cc\" data-element_type=\"widget\" data-settings=\"{&quot;step_next_label&quot;:&quot;Next&quot;,&quot;step_previous_label&quot;:&quot;Previous&quot;,&quot;button_width&quot;:&quot;100&quot;,&quot;step_type&quot;:&quot;number_text&quot;,&quot;step_icon_shape&quot;:&quot;circle&quot;}\" data-widget_type=\"form.default\">\n\t\t\t\t<div class=\"elementor-widget-container\">\n\t\t\t\t\t\t\t<form class=\"elementor-form\" method=\"post\" name=\"New Form\">\n\t\t\t<input type=\"hidden\" name=\"post_id\" value=\"819\"\/>\n\t\t\t<input type=\"hidden\" name=\"form_id\" value=\"25c65cc\"\/>\n\t\t\t<input type=\"hidden\" name=\"referer_title\" value=\"Arterium Veteriner Klini\u011fi\" \/>\n\n\t\t\t\n\t\t\t<div class=\"elementor-form-fields-wrapper elementor-labels-above\">\n\t\t\t\t\t\t\t\t<div class=\"elementor-field-type-text elementor-field-group elementor-column elementor-field-group-name elementor-col-100\">\n\t\t\t\t\t\t\t\t\t\t\t\t\t<input size=\"1\" type=\"text\" name=\"form_fields[name]\" id=\"form-field-name\" class=\"elementor-field elementor-size-sm  elementor-field-textual\" placeholder=\"Ad\u0131n\u0131z Soyad\u0131n\u0131z\">\n\t\t\t\t\t\t\t\t\t\t\t<\/div>\n\t\t\t\t\t\t\t\t<div class=\"elementor-field-type-email elementor-field-group elementor-column elementor-field-group-email elementor-col-100 elementor-field-required\">\n\t\t\t\t\t\t\t\t\t\t\t\t\t<input size=\"1\" type=\"email\" name=\"form_fields[email]\" id=\"form-field-email\" class=\"elementor-field elementor-size-sm  elementor-field-textual\" placeholder=\"E-Mail\" required=\"required\">\n\t\t\t\t\t\t\t\t\t\t\t<\/div>\n\t\t\t\t\t\t\t\t<div class=\"elementor-field-type-tel elementor-field-group elementor-column elementor-field-group-field_8f86461 elementor-col-100 elementor-field-required\">\n\t\t\t\t\t\t\t<input size=\"1\" type=\"tel\" name=\"form_fields[field_8f86461]\" id=\"form-field-field_8f86461\" class=\"elementor-field elementor-size-sm  elementor-field-textual\" placeholder=\"Telefon\" required=\"required\" pattern=\"[0-9()#&amp;+*-=.]+\" title=\"Only numbers and phone characters (#, -, *, etc) are accepted.\">\n\n\t\t\t\t\t\t<\/div>\n\t\t\t\t\t\t\t\t<div class=\"elementor-field-type-textarea elementor-field-group elementor-column elementor-field-group-message elementor-col-100\">\n\t\t\t\t\t<textarea class=\"elementor-field-textual elementor-field  elementor-size-sm\" name=\"form_fields[message]\" id=\"form-field-message\" rows=\"4\" placeholder=\"Mesaj\u0131n\u0131z\u0131 buraya yazabilirsiniz!\"><\/textarea>\t\t\t\t<\/div>\n\t\t\t\t\t\t\t\t<div class=\"elementor-field-group elementor-column elementor-field-type-submit elementor-col-100 e-form__buttons\">\n\t\t\t\t\t<button class=\"elementor-button elementor-size-sm\" type=\"submit\">\n\t\t\t\t\t\t<span class=\"elementor-button-content-wrapper\">\n\t\t\t\t\t\t\t\t\t\t\t\t\t\t\t\t\t\t\t\t\t\t<span class=\"elementor-button-text\">G\u00f6nder<\/span>\n\t\t\t\t\t\t\t\t\t\t\t\t\t<\/span>\n\t\t\t\t\t<\/button>\n\t\t\t\t<\/div>\n\t\t\t<\/div>\n\t\t<\/form>\n\t\t\t\t\t\t<\/div>\n\t\t\t\t<\/div>\n\t\t\t\t\t<\/div>\n\t\t<\/div>\n\t\t\t\t\t<\/div>\n\t\t<\/section>\n\t\t<div class=\"elementor-element elementor-element-e62a3ce e-flex e-con-boxed e-con e-parent\" data-id=\"e62a3ce\" data-element_type=\"container\">\n\t\t\t\t\t<div class=\"e-con-inner\">\n\t\t<div class=\"elementor-element elementor-element-58fb4cf e-con-full e-flex e-con e-child\" data-id=\"58fb4cf\" data-element_type=\"container\">\n\t\t\t\t<div class=\"elementor-element elementor-element-8e9fb92 elementor-widget elementor-widget-heading\" data-id=\"8e9fb92\" data-element_type=\"widget\" data-widget_type=\"heading.default\">\n\t\t\t\t<div class=\"elementor-widget-container\">\n\t\t\t\t\t<h2 class=\"elementor-heading-title elementor-size-default\">Arterium\u2019a Nas\u0131l Ula\u015fabilirsiniz?<\/h2>\t\t\t\t<\/div>\n\t\t\t\t<\/div>\n\t\t\t\t<div class=\"elementor-element elementor-element-fad447b elementor-widget__width-initial elementor-widget elementor-widget-google_maps\" data-id=\"fad447b\" data-element_type=\"widget\" data-widget_type=\"google_maps.default\">\n\t\t\t\t<div class=\"elementor-widget-container\">\n\t\t\t\t\t\t\t<div class=\"elementor-custom-embed\">\n\t\t\t<iframe loading=\"lazy\"\n\t\t\t\t\tsrc=\"https:\/\/maps.google.com\/maps?q=Ba%C5%9Fak%C5%9Fehir%20Mah.%20Toros%20Cad.%20Arterium%20AVM%20No%3A1R%20Ba%C5%9Fak%C5%9Fehir%2F%20%C4%B0stanbul&#038;t=m&#038;z=17&#038;output=embed&#038;iwloc=near\"\n\t\t\t\t\ttitle=\"Ba\u015fak\u015fehir Mah. Toros Cad. Arterium AVM No:1R Ba\u015fak\u015fehir\/ \u0130stanbul\"\n\t\t\t\t\taria-label=\"Ba\u015fak\u015fehir Mah. Toros Cad. Arterium AVM No:1R Ba\u015fak\u015fehir\/ \u0130stanbul\"\n\t\t\t><\/iframe>\n\t\t<\/div>\n\t\t\t\t\t\t<\/div>\n\t\t\t\t<\/div>\n\t\t\t\t<\/div>\n\t\t\t\t\t<\/div>\n\t\t\t\t<\/div>\n\t\t\t\t<\/div>\n\t\t","protected":false},"excerpt":{"rendered":"<p>Sizden Haber Almak Bizi Mutlu Eder!Sorular\u0131n\u0131z\u0131, g\u00f6r\u00fc\u015flerinizi ya da \u00f6nerilerinizi a\u015fa\u011f\u0131daki formu kullanarak bize iletebilirsiniz.Dilerseniz bir fincan taze \u00e7ay ve ikramlar\u0131m\u0131z e\u015fli\u011finde y\u00fcz y\u00fcze de g\u00f6r\u00fc\u015febiliriz. Klini\u011fimize her zaman bekleriz! \u2615\ud83c\udf6a Ba\u015fak\u015fehir Mah. Toros Cad. Arterium AVM No:1RBa\u015fak\u015fehir\/ \u0130stanbul Telefon: +90 533 556 54 23 Email: arteriumveteriner@gmail.com Bir Sorunuz ya da G\u00f6r\u00fc\u015f\u00fcn\u00fcz m\u00fc Var? Formu&#8230;<\/p>\n","protected":false},"author":1,"featured_media":0,"parent":0,"menu_order":0,"comment_status":"closed","ping_status":"closed","template":"","meta":{"footnotes":""},"class_list":["post-819","page","type-page","status-publish","hentry"],"yoast_head":"<!-- This site is optimized with the Yoast SEO plugin v25.2 - https:\/\/yoast.com\/wordpress\/plugins\/seo\/ -->\n<title>\u0130leti\u015fim - Arterium Veteriner Klini\u011fi<\/title>\n<meta name=\"robots\" content=\"index, follow, max-snippet:-1, max-image-preview:large, max-video-preview:-1\" \/>\n<link rel=\"canonical\" href=\"https:\/\/arteriumveteriner.com\/index.php\/iletisim\/\" \/>\n<meta property=\"og:locale\" content=\"tr_TR\" \/>\n<meta property=\"og:type\" content=\"article\" \/>\n<meta property=\"og:title\" content=\"\u0130leti\u015fim - Arterium Veteriner Klini\u011fi\" \/>\n<meta property=\"og:description\" content=\"Sizden Haber Almak Bizi Mutlu Eder!Sorular\u0131n\u0131z\u0131, g\u00f6r\u00fc\u015flerinizi ya da \u00f6nerilerinizi a\u015fa\u011f\u0131daki formu kullanarak bize iletebilirsiniz.Dilerseniz bir fincan taze \u00e7ay ve ikramlar\u0131m\u0131z e\u015fli\u011finde y\u00fcz y\u00fcze de g\u00f6r\u00fc\u015febiliriz. Klini\u011fimize her zaman bekleriz! \u2615\ud83c\udf6a Ba\u015fak\u015fehir Mah. Toros Cad. Arterium AVM No:1RBa\u015fak\u015fehir\/ \u0130stanbul Telefon: +90 533 556 54 23 Email: arteriumveteriner@gmail.com Bir Sorunuz ya da G\u00f6r\u00fc\u015f\u00fcn\u00fcz m\u00fc Var? Formu...\" \/>\n<meta property=\"og:url\" content=\"https:\/\/arteriumveteriner.com\/index.php\/iletisim\/\" \/>\n<meta property=\"og:site_name\" content=\"Arterium Veteriner Klini\u011fi\" \/>\n<meta property=\"article:modified_time\" content=\"2025-07-04T11:12:58+00:00\" \/>\n<meta name=\"twitter:card\" content=\"summary_large_image\" \/>\n<meta name=\"twitter:label1\" content=\"Tahmini okuma s\u00fcresi\" \/>\n\t<meta name=\"twitter:data1\" content=\"1 dakika\" \/>\n<script type=\"application\/ld+json\" class=\"yoast-schema-graph\">{\"@context\":\"https:\/\/schema.org\",\"@graph\":[{\"@type\":\"WebPage\",\"@id\":\"https:\/\/arteriumveteriner.com\/index.php\/iletisim\/\",\"url\":\"https:\/\/arteriumveteriner.com\/index.php\/iletisim\/\",\"name\":\"\u0130leti\u015fim - Arterium Veteriner Klini\u011fi\",\"isPartOf\":{\"@id\":\"https:\/\/arteriumveteriner.com\/#website\"},\"datePublished\":\"2022-05-20T17:18:12+00:00\",\"dateModified\":\"2025-07-04T11:12:58+00:00\",\"breadcrumb\":{\"@id\":\"https:\/\/arteriumveteriner.com\/index.php\/iletisim\/#breadcrumb\"},\"inLanguage\":\"tr\",\"potentialAction\":[{\"@type\":\"ReadAction\",\"target\":[\"https:\/\/arteriumveteriner.com\/index.php\/iletisim\/\"]}]},{\"@type\":\"BreadcrumbList\",\"@id\":\"https:\/\/arteriumveteriner.com\/index.php\/iletisim\/#breadcrumb\",\"itemListElement\":[{\"@type\":\"ListItem\",\"position\":1,\"name\":\"Anasayfa\",\"item\":\"https:\/\/arteriumveteriner.com\/\"},{\"@type\":\"ListItem\",\"position\":2,\"name\":\"\u0130leti\u015fim\"}]},{\"@type\":\"WebSite\",\"@id\":\"https:\/\/arteriumveteriner.com\/#website\",\"url\":\"https:\/\/arteriumveteriner.com\/\",\"name\":\"Arterium Veteriner Klini\u011fi\",\"description\":\"\",\"potentialAction\":[{\"@type\":\"SearchAction\",\"target\":{\"@type\":\"EntryPoint\",\"urlTemplate\":\"https:\/\/arteriumveteriner.com\/?s={search_term_string}\"},\"query-input\":{\"@type\":\"PropertyValueSpecification\",\"valueRequired\":true,\"valueName\":\"search_term_string\"}}],\"inLanguage\":\"tr\"}]}<\/script>\n<!-- \/ Yoast SEO plugin. -->","yoast_head_json":{"title":"\u0130leti\u015fim - Arterium Veteriner Klini\u011fi","robots":{"index":"index","follow":"follow","max-snippet":"max-snippet:-1","max-image-preview":"max-image-preview:large","max-video-preview":"max-video-preview:-1"},"canonical":"https:\/\/arteriumveteriner.com\/index.php\/iletisim\/","og_locale":"tr_TR","og_type":"article","og_title":"\u0130leti\u015fim - Arterium Veteriner Klini\u011fi","og_description":"Sizden Haber Almak Bizi Mutlu Eder!Sorular\u0131n\u0131z\u0131, g\u00f6r\u00fc\u015flerinizi ya da \u00f6nerilerinizi a\u015fa\u011f\u0131daki formu kullanarak bize iletebilirsiniz.Dilerseniz bir fincan taze \u00e7ay ve ikramlar\u0131m\u0131z e\u015fli\u011finde y\u00fcz y\u00fcze de g\u00f6r\u00fc\u015febiliriz. Klini\u011fimize her zaman bekleriz! \u2615\ud83c\udf6a Ba\u015fak\u015fehir Mah. Toros Cad. Arterium AVM No:1RBa\u015fak\u015fehir\/ \u0130stanbul Telefon: +90 533 556 54 23 Email: arteriumveteriner@gmail.com Bir Sorunuz ya da G\u00f6r\u00fc\u015f\u00fcn\u00fcz m\u00fc Var? Formu...","og_url":"https:\/\/arteriumveteriner.com\/index.php\/iletisim\/","og_site_name":"Arterium Veteriner Klini\u011fi","article_modified_time":"2025-07-04T11:12:58+00:00","twitter_card":"summary_large_image","twitter_misc":{"Tahmini okuma s\u00fcresi":"1 dakika"},"schema":{"@context":"https:\/\/schema.org","@graph":[{"@type":"WebPage","@id":"https:\/\/arteriumveteriner.com\/index.php\/iletisim\/","url":"https:\/\/arteriumveteriner.com\/index.php\/iletisim\/","name":"\u0130leti\u015fim - Arterium Veteriner Klini\u011fi","isPartOf":{"@id":"https:\/\/arteriumveteriner.com\/#website"},"datePublished":"2022-05-20T17:18:12+00:00","dateModified":"2025-07-04T11:12:58+00:00","breadcrumb":{"@id":"https:\/\/arteriumveteriner.com\/index.php\/iletisim\/#breadcrumb"},"inLanguage":"tr","potentialAction":[{"@type":"ReadAction","target":["https:\/\/arteriumveteriner.com\/index.php\/iletisim\/"]}]},{"@type":"BreadcrumbList","@id":"https:\/\/arteriumveteriner.com\/index.php\/iletisim\/#breadcrumb","itemListElement":[{"@type":"ListItem","position":1,"name":"Anasayfa","item":"https:\/\/arteriumveteriner.com\/"},{"@type":"ListItem","position":2,"name":"\u0130leti\u015fim"}]},{"@type":"WebSite","@id":"https:\/\/arteriumveteriner.com\/#website","url":"https:\/\/arteriumveteriner.com\/","name":"Arterium Veteriner Klini\u011fi","description":"","potentialAction":[{"@type":"SearchAction","target":{"@type":"EntryPoint","urlTemplate":"https:\/\/arteriumveteriner.com\/?s={search_term_string}"},"query-input":{"@type":"PropertyValueSpecification","valueRequired":true,"valueName":"search_term_string"}}],"inLanguage":"tr"}]}},"_links":{"self":[{"href":"https:\/\/arteriumveteriner.com\/index.php\/wp-json\/wp\/v2\/pages\/819","targetHints":{"allow":["GET"]}}],"collection":[{"href":"https:\/\/arteriumveteriner.com\/index.php\/wp-json\/wp\/v2\/pages"}],"about":[{"href":"https:\/\/arteriumveteriner.com\/index.php\/wp-json\/wp\/v2\/types\/page"}],"author":[{"embeddable":true,"href":"https:\/\/arteriumveteriner.com\/index.php\/wp-json\/wp\/v2\/users\/1"}],"replies":[{"embeddable":true,"href":"https:\/\/arteriumveteriner.com\/index.php\/wp-json\/wp\/v2\/comments?post=819"}],"version-history":[{"count":19,"href":"https:\/\/arteriumveteriner.com\/index.php\/wp-json\/wp\/v2\/pages\/819\/revisions"}],"predecessor-version":[{"id":988431,"href":"https:\/\/arteriumveteriner.com\/index.php\/wp-json\/wp\/v2\/pages\/819\/revisions\/988431"}],"wp:attachment":[{"href":"https:\/\/arteriumveteriner.com\/index.php\/wp-json\/wp\/v2\/media?parent=819"}],"curies":[{"name":"wp","href":"https:\/\/api.w.org\/{rel}","templated":true}]}}